{"id":321,"date":"2023-11-27T10:52:27","date_gmt":"2023-11-27T09:52:27","guid":{"rendered":"http:\/\/kancelariall.pl\/?page_id=321"},"modified":"2024-05-06T15:45:36","modified_gmt":"2024-05-06T13:45:36","slug":"artykuly","status":"publish","type":"page","link":"https:\/\/kancelariall.pl\/index.php\/artykuly\/","title":{"rendered":"Artyku\u0142y"},"content":{"rendered":"\t\t<div data-elementor-type=\"wp-page\" data-elementor-id=\"321\" class=\"elementor elementor-321\" data-elementor-post-type=\"page\">\n\t\t\t\t\t\t<section class=\"elementor-section elementor-top-section elementor-element elementor-element-c12f7df elementor-section-boxed elementor-section-height-default elementor-section-height-default\" data-id=\"c12f7df\" data-element_type=\"section\" data-e-type=\"section\" data-settings=\"{&quot;ekit_has_onepagescroll_dot&quot;:&quot;yes&quot;}\">\n\t\t\t\t\t\t<div class=\"elementor-container elementor-column-gap-default\">\n\t\t\t\t\t<div class=\"elementor-column elementor-col-50 elementor-top-column elementor-element elementor-element-f91e90b\" data-id=\"f91e90b\" data-element_type=\"column\" data-e-type=\"column\">\n\t\t\t<div class=\"elementor-widget-wrap elementor-element-populated\">\n\t\t\t\t\t\t<div class=\"elementor-element elementor-element-4d5cdf3 elementor-widget elementor-widget-heading\" data-id=\"4d5cdf3\" data-element_type=\"widget\" data-e-type=\"widget\" data-settings=\"{&quot;ekit_we_effect_on&quot;:&quot;none&quot;}\" data-widget_type=\"heading.default\">\n\t\t\t\t<div class=\"elementor-widget-container\">\n\t\t\t\t\t<h2 class=\"elementor-heading-title elementor-size-default\">KANCELARIA L\u0141<\/h2>\t\t\t\t<\/div>\n\t\t\t\t<\/div>\n\t\t\t\t\t<\/div>\n\t\t<\/div>\n\t\t\t\t<div class=\"elementor-column elementor-col-50 elementor-top-column elementor-element elementor-element-1e47e6c\" data-id=\"1e47e6c\" data-element_type=\"column\" data-e-type=\"column\">\n\t\t\t<div class=\"elementor-widget-wrap elementor-element-populated\">\n\t\t\t\t\t\t<div class=\"elementor-element elementor-element-6efffc7 elementor-hidden-mobile elementor-widget elementor-widget-elementskit-breadcrumb\" data-id=\"6efffc7\" data-element_type=\"widget\" data-e-type=\"widget\" data-settings=\"{&quot;ekit_we_effect_on&quot;:&quot;none&quot;}\" data-widget_type=\"elementskit-breadcrumb.default\">\n\t\t\t\t<div class=\"elementor-widget-container\">\n\t\t\t\t\t<div class=\"ekit-wid-con\" ><ol class=\"ekit-breadcrumb\"><li class=\"ekit_breadcrumbs_start\"><a href=\"https:\/\/kancelariall.pl\">Home<\/a><\/li> <li class=\"brd_sep\"><span class=\"separate_icon\"><i class=\"icon icon-chevron-right\"><\/i><\/span><\/li>  <li>Artyku\u0142y<\/li><\/ol><\/div>\t\t\t\t<\/div>\n\t\t\t\t<\/div>\n\t\t\t\t\t<\/div>\n\t\t<\/div>\n\t\t\t\t\t<\/div>\n\t\t<\/section>\n\t\t\t\t<section class=\"elementor-section elementor-top-section elementor-element elementor-element-0833527 elementor-section-boxed elementor-section-height-default elementor-section-height-default\" data-id=\"0833527\" data-element_type=\"section\" data-e-type=\"section\" data-settings=\"{&quot;ekit_has_onepagescroll_dot&quot;:&quot;yes&quot;}\">\n\t\t\t\t\t\t<div class=\"elementor-container elementor-column-gap-default\">\n\t\t\t\t\t<div class=\"elementor-column elementor-col-100 elementor-top-column elementor-element elementor-element-3d86b56\" data-id=\"3d86b56\" data-element_type=\"column\" data-e-type=\"column\">\n\t\t\t<div class=\"elementor-widget-wrap elementor-element-populated\">\n\t\t\t\t\t\t<div class=\"elementor-element elementor-element-a7ec39b elementor-widget elementor-widget-heading\" data-id=\"a7ec39b\" data-element_type=\"widget\" data-e-type=\"widget\" data-settings=\"{&quot;ekit_we_effect_on&quot;:&quot;none&quot;}\" data-widget_type=\"heading.default\">\n\t\t\t\t<div class=\"elementor-widget-container\">\n\t\t\t\t\t<h2 class=\"elementor-heading-title elementor-size-default\">Aktualno\u015bci<\/h2>\t\t\t\t<\/div>\n\t\t\t\t<\/div>\n\t\t\t\t<div class=\"elementor-element elementor-element-5a2dfcb elementor-hidden-desktop elementor-hidden-tablet elementor-widget elementor-widget-elementskit-breadcrumb\" data-id=\"5a2dfcb\" data-element_type=\"widget\" data-e-type=\"widget\" data-settings=\"{&quot;ekit_we_effect_on&quot;:&quot;none&quot;}\" data-widget_type=\"elementskit-breadcrumb.default\">\n\t\t\t\t<div class=\"elementor-widget-container\">\n\t\t\t\t\t<div class=\"ekit-wid-con\" ><ol class=\"ekit-breadcrumb\"><li class=\"ekit_breadcrumbs_start\"><a href=\"https:\/\/kancelariall.pl\">Home<\/a><\/li> <li class=\"brd_sep\"><span class=\"separate_icon\"><i class=\"icon icon-chevron-right\"><\/i><\/span><\/li>  <li>Artyku\u0142y<\/li><\/ol><\/div>\t\t\t\t<\/div>\n\t\t\t\t<\/div>\n\t\t\t\t<div class=\"elementor-element elementor-element-641a7a9 elementor-grid-3 elementor-grid-tablet-2 elementor-grid-mobile-1 elementor-posts--thumbnail-top elementor-widget elementor-widget-posts\" data-id=\"641a7a9\" data-element_type=\"widget\" data-e-type=\"widget\" data-settings=\"{&quot;classic_columns&quot;:&quot;3&quot;,&quot;classic_columns_tablet&quot;:&quot;2&quot;,&quot;classic_columns_mobile&quot;:&quot;1&quot;,&quot;classic_row_gap&quot;:{&quot;unit&quot;:&quot;px&quot;,&quot;size&quot;:35,&quot;sizes&quot;:[]},&quot;classic_row_gap_tablet&quot;:{&quot;unit&quot;:&quot;px&quot;,&quot;size&quot;:&quot;&quot;,&quot;sizes&quot;:[]},&quot;classic_row_gap_mobile&quot;:{&quot;unit&quot;:&quot;px&quot;,&quot;size&quot;:&quot;&quot;,&quot;sizes&quot;:[]},&quot;ekit_we_effect_on&quot;:&quot;none&quot;}\" data-widget_type=\"posts.classic\">\n\t\t\t\t<div class=\"elementor-widget-container\">\n\t\t\t\t\t\t\t<div class=\"elementor-posts-container elementor-posts elementor-posts--skin-classic elementor-grid\" role=\"list\">\n\t\t\t\t<article class=\"elementor-post elementor-grid-item post-391 post type-post status-publish format-standard has-post-thumbnail hentry category-bez-kategorii\" role=\"listitem\">\n\t\t\t\t<a class=\"elementor-post__thumbnail__link\" href=\"https:\/\/kancelariall.pl\/index.php\/2023\/12\/04\/przeniesienie-praw-autorskich-wylacznie-w-formie-pisemnej\/\" tabindex=\"-1\" >\n\t\t\t<div class=\"elementor-post__thumbnail\"><img fetchpriority=\"high\" decoding=\"async\" width=\"300\" height=\"206\" src=\"https:\/\/kancelariall.pl\/wp-content\/uploads\/2023\/12\/copyright-design-license-patent-trademark-value-concept-300x206.jpg\" class=\"attachment-medium size-medium wp-image-393\" alt=\"\" srcset=\"https:\/\/kancelariall.pl\/wp-content\/uploads\/2023\/12\/copyright-design-license-patent-trademark-value-concept-300x206.jpg 300w, https:\/\/kancelariall.pl\/wp-content\/uploads\/2023\/12\/copyright-design-license-patent-trademark-value-concept-1024x703.jpg 1024w, https:\/\/kancelariall.pl\/wp-content\/uploads\/2023\/12\/copyright-design-license-patent-trademark-value-concept-768x527.jpg 768w, https:\/\/kancelariall.pl\/wp-content\/uploads\/2023\/12\/copyright-design-license-patent-trademark-value-concept-1536x1055.jpg 1536w, https:\/\/kancelariall.pl\/wp-content\/uploads\/2023\/12\/copyright-design-license-patent-trademark-value-concept-2048x1407.jpg 2048w, https:\/\/kancelariall.pl\/wp-content\/uploads\/2023\/12\/copyright-design-license-patent-trademark-value-concept-scaled.jpg 1600w\" sizes=\"(max-width: 300px) 100vw, 300px\" \/><\/div>\n\t\t<\/a>\n\t\t\t\t<div class=\"elementor-post__text\">\n\t\t\t\t<h3 class=\"elementor-post__title\">\n\t\t\t<a href=\"https:\/\/kancelariall.pl\/index.php\/2023\/12\/04\/przeniesienie-praw-autorskich-wylacznie-w-formie-pisemnej\/\" >\n\t\t\t\tPrzeniesienie praw autorskich \u2013 wy\u0142\u0105cznie w formie pisemnej.\t\t\t<\/a>\n\t\t<\/h3>\n\t\t\n\t\t<a class=\"elementor-post__read-more\" href=\"https:\/\/kancelariall.pl\/index.php\/2023\/12\/04\/przeniesienie-praw-autorskich-wylacznie-w-formie-pisemnej\/\" aria-label=\"Read more about Przeniesienie praw autorskich \u2013 wy\u0142\u0105cznie w formie pisemnej.\" tabindex=\"-1\" >\n\t\t\tCzytaj dalej \u00bb\t\t<\/a>\n\n\t\t\t\t<\/div>\n\t\t\t\t<\/article>\n\t\t\t\t<article class=\"elementor-post elementor-grid-item post-389 post type-post status-publish format-standard has-post-thumbnail hentry category-bez-kategorii\" role=\"listitem\">\n\t\t\t\t<a class=\"elementor-post__thumbnail__link\" href=\"https:\/\/kancelariall.pl\/index.php\/2023\/12\/04\/ochrona-praw-osobistych\/\" tabindex=\"-1\" >\n\t\t\t<div class=\"elementor-post__thumbnail\"><img decoding=\"async\" width=\"300\" height=\"200\" src=\"https:\/\/kancelariall.pl\/wp-content\/uploads\/2023\/12\/court-hammer-books-judgment-law-concept-300x200.jpg\" class=\"attachment-medium size-medium wp-image-395\" alt=\"\" srcset=\"https:\/\/kancelariall.pl\/wp-content\/uploads\/2023\/12\/court-hammer-books-judgment-law-concept-300x200.jpg 300w, https:\/\/kancelariall.pl\/wp-content\/uploads\/2023\/12\/court-hammer-books-judgment-law-concept-1024x683.jpg 1024w, https:\/\/kancelariall.pl\/wp-content\/uploads\/2023\/12\/court-hammer-books-judgment-law-concept-768x512.jpg 768w, https:\/\/kancelariall.pl\/wp-content\/uploads\/2023\/12\/court-hammer-books-judgment-law-concept-1536x1024.jpg 1536w, https:\/\/kancelariall.pl\/wp-content\/uploads\/2023\/12\/court-hammer-books-judgment-law-concept-2048x1365.jpg 2048w, https:\/\/kancelariall.pl\/wp-content\/uploads\/2023\/12\/court-hammer-books-judgment-law-concept-scaled.jpg 1600w\" sizes=\"(max-width: 300px) 100vw, 300px\" \/><\/div>\n\t\t<\/a>\n\t\t\t\t<div class=\"elementor-post__text\">\n\t\t\t\t<h3 class=\"elementor-post__title\">\n\t\t\t<a href=\"https:\/\/kancelariall.pl\/index.php\/2023\/12\/04\/ochrona-praw-osobistych\/\" >\n\t\t\t\tOchrona praw osobistych\t\t\t<\/a>\n\t\t<\/h3>\n\t\t\n\t\t<a class=\"elementor-post__read-more\" href=\"https:\/\/kancelariall.pl\/index.php\/2023\/12\/04\/ochrona-praw-osobistych\/\" aria-label=\"Read more about Ochrona praw osobistych\" tabindex=\"-1\" >\n\t\t\tCzytaj dalej \u00bb\t\t<\/a>\n\n\t\t\t\t<\/div>\n\t\t\t\t<\/article>\n\t\t\t\t<article class=\"elementor-post elementor-grid-item post-385 post type-post status-publish format-standard has-post-thumbnail hentry category-bez-kategorii\" role=\"listitem\">\n\t\t\t\t<a class=\"elementor-post__thumbnail__link\" href=\"https:\/\/kancelariall.pl\/index.php\/2023\/12\/04\/ochrona-praw-osobistych-cz-ii\/\" tabindex=\"-1\" >\n\t\t\t<div class=\"elementor-post__thumbnail\"><img decoding=\"async\" width=\"300\" height=\"200\" src=\"https:\/\/kancelariall.pl\/wp-content\/uploads\/2023\/12\/still-life-with-scales-justice-300x200.jpg\" class=\"attachment-medium size-medium wp-image-400\" alt=\"\" srcset=\"https:\/\/kancelariall.pl\/wp-content\/uploads\/2023\/12\/still-life-with-scales-justice-300x200.jpg 300w, https:\/\/kancelariall.pl\/wp-content\/uploads\/2023\/12\/still-life-with-scales-justice-1024x683.jpg 1024w, https:\/\/kancelariall.pl\/wp-content\/uploads\/2023\/12\/still-life-with-scales-justice-768x512.jpg 768w, https:\/\/kancelariall.pl\/wp-content\/uploads\/2023\/12\/still-life-with-scales-justice-1536x1024.jpg 1536w, https:\/\/kancelariall.pl\/wp-content\/uploads\/2023\/12\/still-life-with-scales-justice-2048x1365.jpg 2048w, https:\/\/kancelariall.pl\/wp-content\/uploads\/2023\/12\/still-life-with-scales-justice-scaled.jpg 1600w\" sizes=\"(max-width: 300px) 100vw, 300px\" \/><\/div>\n\t\t<\/a>\n\t\t\t\t<div class=\"elementor-post__text\">\n\t\t\t\t<h3 class=\"elementor-post__title\">\n\t\t\t<a href=\"https:\/\/kancelariall.pl\/index.php\/2023\/12\/04\/ochrona-praw-osobistych-cz-ii\/\" >\n\t\t\t\tOchrona praw osobistych cz. II\t\t\t<\/a>\n\t\t<\/h3>\n\t\t\n\t\t<a class=\"elementor-post__read-more\" href=\"https:\/\/kancelariall.pl\/index.php\/2023\/12\/04\/ochrona-praw-osobistych-cz-ii\/\" aria-label=\"Read more about Ochrona praw osobistych cz. II\" tabindex=\"-1\" >\n\t\t\tCzytaj dalej \u00bb\t\t<\/a>\n\n\t\t\t\t<\/div>\n\t\t\t\t<\/article>\n\t\t\t\t<article class=\"elementor-post elementor-grid-item post-383 post type-post status-publish format-standard has-post-thumbnail hentry category-bez-kategorii\" role=\"listitem\">\n\t\t\t\t<a class=\"elementor-post__thumbnail__link\" href=\"https:\/\/kancelariall.pl\/index.php\/2023\/12\/04\/pozew-o-rozwod\/\" tabindex=\"-1\" >\n\t\t\t<div class=\"elementor-post__thumbnail\"><img loading=\"lazy\" decoding=\"async\" width=\"300\" height=\"182\" src=\"https:\/\/kancelariall.pl\/wp-content\/uploads\/2023\/12\/woman-signing-divorce-contract-300x182.jpg\" class=\"attachment-medium size-medium wp-image-401\" alt=\"\" srcset=\"https:\/\/kancelariall.pl\/wp-content\/uploads\/2023\/12\/woman-signing-divorce-contract-300x182.jpg 300w, https:\/\/kancelariall.pl\/wp-content\/uploads\/2023\/12\/woman-signing-divorce-contract-1024x622.jpg 1024w, https:\/\/kancelariall.pl\/wp-content\/uploads\/2023\/12\/woman-signing-divorce-contract-768x466.jpg 768w, https:\/\/kancelariall.pl\/wp-content\/uploads\/2023\/12\/woman-signing-divorce-contract-1536x933.jpg 1536w, https:\/\/kancelariall.pl\/wp-content\/uploads\/2023\/12\/woman-signing-divorce-contract-2048x1244.jpg 2048w, https:\/\/kancelariall.pl\/wp-content\/uploads\/2023\/12\/woman-signing-divorce-contract-scaled.jpg 1600w\" sizes=\"(max-width: 300px) 100vw, 300px\" \/><\/div>\n\t\t<\/a>\n\t\t\t\t<div class=\"elementor-post__text\">\n\t\t\t\t<h3 class=\"elementor-post__title\">\n\t\t\t<a href=\"https:\/\/kancelariall.pl\/index.php\/2023\/12\/04\/pozew-o-rozwod\/\" >\n\t\t\t\tPozew o rozw\u00f3d\t\t\t<\/a>\n\t\t<\/h3>\n\t\t\n\t\t<a class=\"elementor-post__read-more\" href=\"https:\/\/kancelariall.pl\/index.php\/2023\/12\/04\/pozew-o-rozwod\/\" aria-label=\"Read more about Pozew o rozw\u00f3d\" tabindex=\"-1\" >\n\t\t\tCzytaj dalej \u00bb\t\t<\/a>\n\n\t\t\t\t<\/div>\n\t\t\t\t<\/article>\n\t\t\t\t<article class=\"elementor-post elementor-grid-item post-381 post type-post status-publish format-standard has-post-thumbnail hentry category-bez-kategorii\" role=\"listitem\">\n\t\t\t\t<a class=\"elementor-post__thumbnail__link\" href=\"https:\/\/kancelariall.pl\/index.php\/2023\/12\/04\/czy-tworcom-i-aktorom-przysluguja-tzw-tantiemy-za-rozpowszechnianie-filmow-i-seriali-w-sieci-internet\/\" tabindex=\"-1\" >\n\t\t\t<div class=\"elementor-post__thumbnail\"><img loading=\"lazy\" decoding=\"async\" width=\"300\" height=\"200\" src=\"https:\/\/kancelariall.pl\/wp-content\/uploads\/2023\/12\/money-brazilian-coins-several-300x200.jpg\" class=\"attachment-medium size-medium wp-image-398\" alt=\"\" srcset=\"https:\/\/kancelariall.pl\/wp-content\/uploads\/2023\/12\/money-brazilian-coins-several-300x200.jpg 300w, https:\/\/kancelariall.pl\/wp-content\/uploads\/2023\/12\/money-brazilian-coins-several-1024x684.jpg 1024w, https:\/\/kancelariall.pl\/wp-content\/uploads\/2023\/12\/money-brazilian-coins-several-768x513.jpg 768w, https:\/\/kancelariall.pl\/wp-content\/uploads\/2023\/12\/money-brazilian-coins-several-1536x1025.jpg 1536w, https:\/\/kancelariall.pl\/wp-content\/uploads\/2023\/12\/money-brazilian-coins-several-2048x1367.jpg 2048w, https:\/\/kancelariall.pl\/wp-content\/uploads\/2023\/12\/money-brazilian-coins-several-scaled.jpg 1600w\" sizes=\"(max-width: 300px) 100vw, 300px\" \/><\/div>\n\t\t<\/a>\n\t\t\t\t<div class=\"elementor-post__text\">\n\t\t\t\t<h3 class=\"elementor-post__title\">\n\t\t\t<a href=\"https:\/\/kancelariall.pl\/index.php\/2023\/12\/04\/czy-tworcom-i-aktorom-przysluguja-tzw-tantiemy-za-rozpowszechnianie-filmow-i-seriali-w-sieci-internet\/\" >\n\t\t\t\tCzy tw\u00f3rcom i aktorom przys\u0142uguj\u0105 tzw. tantiemy za rozpowszechnianie film\u00f3w i seriali w sieci Internet?\t\t\t<\/a>\n\t\t<\/h3>\n\t\t\n\t\t<a class=\"elementor-post__read-more\" href=\"https:\/\/kancelariall.pl\/index.php\/2023\/12\/04\/czy-tworcom-i-aktorom-przysluguja-tzw-tantiemy-za-rozpowszechnianie-filmow-i-seriali-w-sieci-internet\/\" aria-label=\"Read more about Czy tw\u00f3rcom i aktorom przys\u0142uguj\u0105 tzw. tantiemy za rozpowszechnianie film\u00f3w i seriali w sieci Internet?\" tabindex=\"-1\" >\n\t\t\tCzytaj dalej \u00bb\t\t<\/a>\n\n\t\t\t\t<\/div>\n\t\t\t\t<\/article>\n\t\t\t\t<article class=\"elementor-post elementor-grid-item post-379 post type-post status-publish format-standard has-post-thumbnail hentry category-bez-kategorii\" role=\"listitem\">\n\t\t\t\t<a class=\"elementor-post__thumbnail__link\" href=\"https:\/\/kancelariall.pl\/index.php\/2023\/12\/04\/kredyty-frankowe-wyrok-tsue-korzystny-dla-frankowiczow\/\" tabindex=\"-1\" >\n\t\t\t<div class=\"elementor-post__thumbnail\"><img loading=\"lazy\" decoding=\"async\" width=\"300\" height=\"169\" src=\"https:\/\/kancelariall.pl\/wp-content\/uploads\/2023\/12\/business-man-calculating-finance-numbers-close-up-300x169.jpg\" class=\"attachment-medium size-medium wp-image-402\" alt=\"\" srcset=\"https:\/\/kancelariall.pl\/wp-content\/uploads\/2023\/12\/business-man-calculating-finance-numbers-close-up-300x169.jpg 300w, https:\/\/kancelariall.pl\/wp-content\/uploads\/2023\/12\/business-man-calculating-finance-numbers-close-up-1024x576.jpg 1024w, https:\/\/kancelariall.pl\/wp-content\/uploads\/2023\/12\/business-man-calculating-finance-numbers-close-up-768x432.jpg 768w, https:\/\/kancelariall.pl\/wp-content\/uploads\/2023\/12\/business-man-calculating-finance-numbers-close-up-1536x864.jpg 1536w, https:\/\/kancelariall.pl\/wp-content\/uploads\/2023\/12\/business-man-calculating-finance-numbers-close-up-2048x1152.jpg 2048w, https:\/\/kancelariall.pl\/wp-content\/uploads\/2023\/12\/business-man-calculating-finance-numbers-close-up-scaled.jpg 1600w\" sizes=\"(max-width: 300px) 100vw, 300px\" \/><\/div>\n\t\t<\/a>\n\t\t\t\t<div class=\"elementor-post__text\">\n\t\t\t\t<h3 class=\"elementor-post__title\">\n\t\t\t<a href=\"https:\/\/kancelariall.pl\/index.php\/2023\/12\/04\/kredyty-frankowe-wyrok-tsue-korzystny-dla-frankowiczow\/\" >\n\t\t\t\tKredyty frankowe: wyrok TSUE korzystny dla frankowicz\u00f3w\t\t\t<\/a>\n\t\t<\/h3>\n\t\t\n\t\t<a class=\"elementor-post__read-more\" href=\"https:\/\/kancelariall.pl\/index.php\/2023\/12\/04\/kredyty-frankowe-wyrok-tsue-korzystny-dla-frankowiczow\/\" aria-label=\"Read more about Kredyty frankowe: wyrok TSUE korzystny dla frankowicz\u00f3w\" tabindex=\"-1\" >\n\t\t\tCzytaj dalej \u00bb\t\t<\/a>\n\n\t\t\t\t<\/div>\n\t\t\t\t<\/article>\n\t\t\t\t<article class=\"elementor-post elementor-grid-item post-377 post type-post status-publish format-standard has-post-thumbnail hentry category-bez-kategorii\" role=\"listitem\">\n\t\t\t\t<a class=\"elementor-post__thumbnail__link\" href=\"https:\/\/kancelariall.pl\/index.php\/2023\/12\/04\/rozwod-bez-orzekania-o-winie\/\" tabindex=\"-1\" >\n\t\t\t<div class=\"elementor-post__thumbnail\"><img loading=\"lazy\" decoding=\"async\" width=\"300\" height=\"143\" src=\"https:\/\/kancelariall.pl\/wp-content\/uploads\/2023\/12\/couple-getting-ready-sign-divorce-forms-300x143.jpg\" class=\"attachment-medium size-medium wp-image-397\" alt=\"\" srcset=\"https:\/\/kancelariall.pl\/wp-content\/uploads\/2023\/12\/couple-getting-ready-sign-divorce-forms-300x143.jpg 300w, https:\/\/kancelariall.pl\/wp-content\/uploads\/2023\/12\/couple-getting-ready-sign-divorce-forms-1024x487.jpg 1024w, https:\/\/kancelariall.pl\/wp-content\/uploads\/2023\/12\/couple-getting-ready-sign-divorce-forms-768x365.jpg 768w, https:\/\/kancelariall.pl\/wp-content\/uploads\/2023\/12\/couple-getting-ready-sign-divorce-forms-1536x730.jpg 1536w, https:\/\/kancelariall.pl\/wp-content\/uploads\/2023\/12\/couple-getting-ready-sign-divorce-forms-2048x973.jpg 2048w, https:\/\/kancelariall.pl\/wp-content\/uploads\/2023\/12\/couple-getting-ready-sign-divorce-forms-scaled.jpg 1600w\" sizes=\"(max-width: 300px) 100vw, 300px\" \/><\/div>\n\t\t<\/a>\n\t\t\t\t<div class=\"elementor-post__text\">\n\t\t\t\t<h3 class=\"elementor-post__title\">\n\t\t\t<a href=\"https:\/\/kancelariall.pl\/index.php\/2023\/12\/04\/rozwod-bez-orzekania-o-winie\/\" >\n\t\t\t\tRozw\u00f3d bez orzekania o winie\t\t\t<\/a>\n\t\t<\/h3>\n\t\t\n\t\t<a class=\"elementor-post__read-more\" href=\"https:\/\/kancelariall.pl\/index.php\/2023\/12\/04\/rozwod-bez-orzekania-o-winie\/\" aria-label=\"Read more about Rozw\u00f3d bez orzekania o winie\" tabindex=\"-1\" >\n\t\t\tCzytaj dalej \u00bb\t\t<\/a>\n\n\t\t\t\t<\/div>\n\t\t\t\t<\/article>\n\t\t\t\t<article class=\"elementor-post elementor-grid-item post-374 post type-post status-publish format-standard has-post-thumbnail hentry category-bez-kategorii\" role=\"listitem\">\n\t\t\t\t<a class=\"elementor-post__thumbnail__link\" href=\"https:\/\/kancelariall.pl\/index.php\/2023\/12\/04\/przelomowe-orzeczenie-tsue-bankom-nie-przysluguje-wynagrodzenie-za-udostepnienie-kapitalu\/\" tabindex=\"-1\" >\n\t\t\t<div class=\"elementor-post__thumbnail\"><img loading=\"lazy\" decoding=\"async\" width=\"300\" height=\"200\" src=\"https:\/\/kancelariall.pl\/wp-content\/uploads\/2023\/12\/Flaga-UE-300x200.jpg\" class=\"attachment-medium size-medium wp-image-375\" alt=\"\" srcset=\"https:\/\/kancelariall.pl\/wp-content\/uploads\/2023\/12\/Flaga-UE-300x200.jpg 300w, https:\/\/kancelariall.pl\/wp-content\/uploads\/2023\/12\/Flaga-UE.jpg 640w\" sizes=\"(max-width: 300px) 100vw, 300px\" \/><\/div>\n\t\t<\/a>\n\t\t\t\t<div class=\"elementor-post__text\">\n\t\t\t\t<h3 class=\"elementor-post__title\">\n\t\t\t<a href=\"https:\/\/kancelariall.pl\/index.php\/2023\/12\/04\/przelomowe-orzeczenie-tsue-bankom-nie-przysluguje-wynagrodzenie-za-udostepnienie-kapitalu\/\" >\n\t\t\t\tPrze\u0142omowe orzeczenie TSUE: bankom nie przys\u0142uguje wynagrodzenie za udost\u0119pnienie kapita\u0142u\t\t\t<\/a>\n\t\t<\/h3>\n\t\t\n\t\t<a class=\"elementor-post__read-more\" href=\"https:\/\/kancelariall.pl\/index.php\/2023\/12\/04\/przelomowe-orzeczenie-tsue-bankom-nie-przysluguje-wynagrodzenie-za-udostepnienie-kapitalu\/\" aria-label=\"Read more about Prze\u0142omowe orzeczenie TSUE: bankom nie przys\u0142uguje wynagrodzenie za udost\u0119pnienie kapita\u0142u\" tabindex=\"-1\" >\n\t\t\tCzytaj dalej \u00bb\t\t<\/a>\n\n\t\t\t\t<\/div>\n\t\t\t\t<\/article>\n\t\t\t\t<\/div>\n\t\t\n\t\t\t\t\t\t<\/div>\n\t\t\t\t<\/div>\n\t\t\t\t\t<\/div>\n\t\t<\/div>\n\t\t\t\t\t<\/div>\n\t\t<\/section>\n\t\t\t\t<\/div>\n\t\t","protected":false},"excerpt":{"rendered":"<p>KANCELARIA L\u0141 Home Aktualno\u015bci Home<\/p>\n","protected":false},"author":5,"featured_media":0,"parent":0,"menu_order":0,"comment_status":"closed","ping_status":"closed","template":"elementor_header_footer","meta":{"footnotes":""},"class_list":["post-321","page","type-page","status-publish","hentry"],"_links":{"self":[{"href":"https:\/\/kancelariall.pl\/index.php\/wp-json\/wp\/v2\/pages\/321","targetHints":{"allow":["GET"]}}],"collection":[{"href":"https:\/\/kancelariall.pl\/index.php\/wp-json\/wp\/v2\/pages"}],"about":[{"href":"https:\/\/kancelariall.pl\/index.php\/wp-json\/wp\/v2\/types\/page"}],"author":[{"embeddable":true,"href":"https:\/\/kancelariall.pl\/index.php\/wp-json\/wp\/v2\/users\/5"}],"replies":[{"embeddable":true,"href":"https:\/\/kancelariall.pl\/index.php\/wp-json\/wp\/v2\/comments?post=321"}],"version-history":[{"count":49,"href":"https:\/\/kancelariall.pl\/index.php\/wp-json\/wp\/v2\/pages\/321\/revisions"}],"predecessor-version":[{"id":1349,"href":"https:\/\/kancelariall.pl\/index.php\/wp-json\/wp\/v2\/pages\/321\/revisions\/1349"}],"wp:attachment":[{"href":"https:\/\/kancelariall.pl\/index.php\/wp-json\/wp\/v2\/media?parent=321"}],"curies":[{"name":"wp","href":"https:\/\/api.w.org\/{rel}","templated":true}]}}